{"id":372,"date":"2017-06-29T22:30:46","date_gmt":"2017-06-29T19:30:46","guid":{"rendered":"http:\/\/yogasanskrit.org\/?page_id=372"},"modified":"2020-08-06T17:35:33","modified_gmt":"2020-08-06T14:35:33","slug":"%d0%bf%d0%b5%d1%80%d0%b2%d0%be%d0%b8%d1%81%d1%82%d0%be%d1%87%d0%bd%d0%b8%d0%ba%d0%b8-%d0%bf%d0%be-%d0%b9%d0%be%d0%b3%d0%b5-%d0%bd%d0%b0-%d1%81%d0%b0%d0%bd%d1%81%d0%ba%d1%80%d0%b8%d1%82%d0%b5","status":"publish","type":"page","link":"http:\/\/yogasanskrit.org\/?page_id=372","title":{"rendered":"\u041f\u0435\u0440\u0432\u043e\u0438\u0441\u0442\u043e\u0447\u043d\u0438\u043a\u0438 \u043f\u043e \u0439\u043e\u0433\u0435 \u043d\u0430 \u0441\u0430\u043d\u0441\u043a\u0440\u0438\u0442\u0435"},"content":{"rendered":"<p><a href=\"http:\/\/yogasanskrit.org\/?page_id=439\" target=\"_blank\" rel=\"noopener noreferrer\">\u0905\u0935\u0927\u0942\u0924 \u0917\u0940\u0924\u093e (avadh\u016bta g\u012bt\u0101, \u0410\u0432\u0430\u0434\u0445\u0443\u0442\u0430 \u0413\u0438\u0442\u0430)<\/a><\/p>\n<p><a href=\"http:\/\/yogasanskrit.org\/?page_id=431\" target=\"_blank\" rel=\"noopener noreferrer\">\u0936\u094d\u0930\u0940\u0926\u0924\u094d\u0924\u093e\u0924\u094d\u0930\u0947\u092f\u092f\u094b\u0917\u0936\u093e\u0938\u094d\u0924\u094d\u0930\u092e\u094d (\u015br\u012b-datt\u0101treya-yoga-\u015b\u0101stram, \u0414\u0430\u0442\u0442\u0430\u0442\u0440\u0435\u044f \u0439\u043e\u0433\u0430 \u0448\u0430\u0441\u0442\u0440\u0430)<\/a><\/p>\n<p><a href=\"http:\/\/yogasanskrit.org\/?page_id=381\">\u0419\u043e\u0433\u0430-\u0441\u0443\u0442\u0440\u0430 \u041f\u0430\u0442\u0430\u043d\u0434\u0436\u0430\u043b\u0438<\/a><\/p>\n<p><a href=\"http:\/\/yogasanskrit.org\/?page_id=370\">\u0936\u093f\u0935\u0938\u0902\u0939\u093f\u0924\u093e (\u015bivasa\u1e41hit\u0101, \u0428\u0438\u0432\u0430 \u0441\u0430\u043c\u0445\u0438\u0442\u0430)<\/a><\/p>\n<p><a href=\"http:\/\/yogasanskrit.org\/?page_id=377\">\u0918\u0947\u0930\u0923\u094d\u0921\u0938\u0902\u0939\u093f\u0924\u093e (ghera\u1e47\u1e0dasa\u1e43hit\u0101, \u0413\u0445\u0435\u0440\u0430\u043d\u0434\u0430\u0441\u0430\u043c\u0445\u0438\u0442\u0430)<\/a><\/p>\n<p><a href=\"http:\/\/yogasanskrit.org\/?page_id=443\" target=\"_blank\" rel=\"noopener noreferrer\">\u0936\u094d\u0930\u0940\u092f\u094b\u0917\u092f\u093e\u091c\u094d\u091e\u0935\u0932\u094d\u0915\u094d\u092f\u0938\u0902\u0939\u093f\u0924\u093e (\u015br\u012byogay\u0101j\u00f1avalkyasa\u1e43hit\u0101, \u0441\u0431\u043e\u0440\u043d\u0438\u043a \u043f\u043e \u0439\u043e\u0433\u0435 \u042f\u0434\u0436\u043d\u044f\u0432\u0430\u043b\u043a\u044c\u0438)<\/a><\/p>\n","protected":false},"excerpt":{"rendered":"<p>\u0905\u0935\u0927\u0942\u0924 \u0917\u0940\u0924\u093e (avadh\u016bta g\u012bt\u0101, \u0410\u0432\u0430\u0434\u0445\u0443\u0442\u0430 \u0413\u0438\u0442\u0430) \u0936\u094d\u0930\u0940\u0926\u0924\u094d\u0924\u093e\u0924\u094d\u0930\u0947\u092f\u092f\u094b\u0917\u0936\u093e\u0938\u094d\u0924\u094d\u0930\u092e\u094d (\u015br\u012b-datt\u0101treya-yoga-\u015b\u0101stram, \u0414\u0430\u0442\u0442\u0430\u0442\u0440\u0435\u044f \u0439\u043e\u0433\u0430 \u0448\u0430\u0441\u0442\u0440\u0430) \u0419\u043e\u0433\u0430-\u0441\u0443\u0442\u0440\u0430 \u041f\u0430\u0442\u0430\u043d\u0434\u0436\u0430\u043b\u0438 \u0936\u093f\u0935\u0938\u0902\u0939\u093f\u0924\u093e (\u015bivasa\u1e41hit\u0101, \u0428\u0438\u0432\u0430 \u0441\u0430\u043c\u0445\u0438\u0442\u0430) \u0918\u0947\u0930\u0923\u094d\u0921\u0938\u0902\u0939\u093f\u0924\u093e (ghera\u1e47\u1e0dasa\u1e43hit\u0101, \u0413\u0445\u0435\u0440\u0430\u043d\u0434\u0430\u0441\u0430\u043c\u0445\u0438\u0442\u0430) \u0936\u094d\u0930\u0940\u092f\u094b\u0917\u092f\u093e\u091c\u094d\u091e\u0935\u0932\u094d\u0915\u094d\u092f\u0938\u0902\u0939\u093f\u0924\u093e (\u015br\u012byogay\u0101j\u00f1avalkyasa\u1e43hit\u0101, \u0441\u0431\u043e\u0440\u043d\u0438\u043a \u043f\u043e \u0439\u043e\u0433\u0435 \u042f\u0434\u0436\u043d\u044f\u0432\u0430\u043b\u043a\u044c\u0438)<\/p>\n","protected":false},"author":1,"featured_media":0,"parent":48,"menu_order":0,"comment_status":"closed","ping_status":"closed","template":"","meta":{"footnotes":""},"class_list":["post-372","page","type-page","status-publish","hentry"],"_links":{"self":[{"href":"http:\/\/yogasanskrit.org\/index.php?rest_route=\/wp\/v2\/pages\/372","targetHints":{"allow":["GET"]}}],"collection":[{"href":"http:\/\/yogasanskrit.org\/index.php?rest_route=\/wp\/v2\/pages"}],"about":[{"href":"http:\/\/yogasanskrit.org\/index.php?rest_route=\/wp\/v2\/types\/page"}],"author":[{"embeddable":true,"href":"http:\/\/yogasanskrit.org\/index.php?rest_route=\/wp\/v2\/users\/1"}],"replies":[{"embeddable":true,"href":"http:\/\/yogasanskrit.org\/index.php?rest_route=%2Fwp%2Fv2%2Fcomments&post=372"}],"version-history":[{"count":8,"href":"http:\/\/yogasanskrit.org\/index.php?rest_route=\/wp\/v2\/pages\/372\/revisions"}],"predecessor-version":[{"id":474,"href":"http:\/\/yogasanskrit.org\/index.php?rest_route=\/wp\/v2\/pages\/372\/revisions\/474"}],"up":[{"embeddable":true,"href":"http:\/\/yogasanskrit.org\/index.php?rest_route=\/wp\/v2\/pages\/48"}],"wp:attachment":[{"href":"http:\/\/yogasanskrit.org\/index.php?rest_route=%2Fwp%2Fv2%2Fmedia&parent=372"}],"curies":[{"name":"wp","href":"https:\/\/api.w.org\/{rel}","templated":true}]}}